{"id":1322,"date":"2026-02-25T09:51:20","date_gmt":"2026-02-25T09:51:20","guid":{"rendered":"https:\/\/dev.petitbois105.com\/index.php\/home\/"},"modified":"2026-02-25T09:51:20","modified_gmt":"2026-02-25T09:51:20","slug":"home","status":"publish","type":"page","link":"https:\/\/dev.petitbois105.com\/index.php\/home\/","title":{"rendered":"Accueil"},"content":{"rendered":"\n\n\n\n\n\n\n\n\n\n\n\n\n<div style=\"height:41px\" aria-hidden=\"true\" class=\"wp-block-spacer\"><\/div>\n\n\n\n\n\n\n\n<div style=\"height:25px\" aria-hidden=\"true\" class=\"wp-block-spacer\"><\/div>\n\n\n\n<div style=\"height:38px\" aria-hidden=\"true\" class=\"wp-block-spacer\"><\/div>\n\n\n\n\n\n\n<div style=\"height:22px\" aria-hidden=\"true\" class=\"wp-block-spacer\"><\/div>\n\n\n\n\n\n\n<figure class=\"wp-block-image size-full\"><img decoding=\"async\" src=\"https:\/\/dev.petitbois105.com\/wp-content\/uploads\/2026\/03\/2024-chalet-.jpeg\" alt=\"2024 chalet\" class=\"wp-image-2866\"\/><\/figure>\n\n\n\n\n\n\n\n\n\n<figure class=\"wp-block-image size-full\"><img decoding=\"async\" src=\"https:\/\/dev.petitbois105.com\/wp-content\/uploads\/2026\/03\/environnement-proche-4-copie-1.jpeg\" alt=\"environnement proche 4 copie\" class=\"wp-image-2871\"\/><\/figure>\n\n\n\n\n\n\n\n\n\n<figure class=\"wp-block-image size-full\"><img decoding=\"async\" src=\"https:\/\/dev.petitbois105.com\/wp-content\/uploads\/2026\/03\/environnement-proche-3-copie-1.jpeg\" alt=\"environnement proche 3 copie\" class=\"wp-image-2872\"\/><\/figure>\n\n\n\n\n\n\n\n\n\n\n\n\n\n\n\n\n\n\n\n\n<div class=\"wp-block-group is-layout-constrained wp-block-group-is-layout-constrained wp-container-content-b4c5012d\">\n<div class=\"wp-block-columns is-layout-flex wp-container-core-columns-is-layout-28f84493 wp-block-columns-is-layout-flex\">\n<div class=\"wp-block-column is-layout-flow wp-block-column-is-layout-flow\" style=\"flex-basis:100%\">\n\n<\/div>\n<\/div>\n<\/div>\n\n\n\n\n\n<figure class=\"wp-block-image size-full wp-container-content-b4c5012d\" style=\"margin-top:0px;margin-right:0px;margin-bottom:0px;margin-left:0px\"><img decoding=\"async\" src=\"http:\/\/dev.petitbois105.com\/wp-content\/uploads\/2021\/11\/leaf.jpg\" alt=\"\" class=\"wp-image-145\"\/><\/figure>\n\n\n\n\n\n\n\n\n\n\n\n\n\n\n\n\n\n\n<div style=\"height:44px\" aria-hidden=\"true\" class=\"wp-block-spacer\"><\/div>\n\n\n\n<h2 class=\"wp-block-heading has-text-align-center\">Pourquoi r\u00e9server en direct<\/h2>\n\n\n\n<div class=\"wp-block-columns is-layout-flex wp-container-core-columns-is-layout-8d88fe0f wp-block-columns-is-layout-flex\" style=\"padding-top:var(--wp--preset--spacing--20);padding-bottom:var(--wp--preset--spacing--20)\">\n<div class=\"wp-block-column is-layout-flow wp-block-column-is-layout-flow\">\n\n\n<p class=\"has-text-align-center\">R\u00e9servez en direct sans commission interm\u00e9diaire.<\/p>\n<\/div>\n\n\n\n<div class=\"wp-block-column is-layout-flow wp-block-column-is-layout-flow\">\n\n<\/div>\n\n\n\n<div class=\"wp-block-column is-layout-flow wp-block-column-is-layout-flow\">\n\n<\/div>\n<\/div>\n\n\n\n<p><\/p>\n","protected":false},"excerpt":{"rendered":"<p>Pourquoi r\u00e9server en direct R\u00e9servez en direct sans commission interm\u00e9diaire.<\/p>\n","protected":false},"author":2,"featured_media":0,"parent":0,"menu_order":0,"comment_status":"closed","ping_status":"closed","template":"","meta":{"_uag_custom_page_level_css":"","site-sidebar-layout":"no-sidebar","site-content-layout":"page-builder","ast-site-content-layout":"full-width-container","site-content-style":"unboxed","site-sidebar-style":"unboxed","ast-global-header-display":"","ast-banner-title-visibility":"","ast-main-header-display":"","ast-hfb-above-header-display":"","ast-hfb-below-header-display":"","ast-hfb-mobile-header-display":"","site-post-title":"disabled","ast-breadcrumbs-content":"","ast-featured-img":"disabled","footer-sml-layout":"","ast-disable-related-posts":"","theme-transparent-header-meta":"enabled","adv-header-id-meta":"","stick-header-meta":"","header-above-stick-meta":"","header-main-stick-meta":"","header-below-stick-meta":"","astra-migrate-meta-layouts":"set","ast-page-background-enabled":"default","ast-page-background-meta":{"desktop":{"background-color":"var(--ast-global-color-5)","background-image":"","background-repeat":"repeat","background-position":"center center","background-size":"auto","background-attachment":"scroll","background-type":"","background-media":"","overlay-type":"","overlay-color":"","overlay-opacity":"","overlay-gradient":""},"tablet":{"background-color":"","background-image":"","background-repeat":"repeat","background-position":"center center","background-size":"auto","background-attachment":"scroll","background-type":"","background-media":"","overlay-type":"","overlay-color":"","overlay-opacity":"","overlay-gradient":""},"mobile":{"background-color":"","background-image":"","background-repeat":"repeat","background-position":"center center","background-size":"auto","background-attachment":"scroll","background-type":"","background-media":"","overlay-type":"","overlay-color":"","overlay-opacity":"","overlay-gradient":""}},"ast-content-background-meta":{"desktop":{"background-color":"var(--ast-global-color-4)","background-image":"","background-repeat":"repeat","background-position":"center center","background-size":"auto","background-attachment":"scroll","background-type":"","background-media":"","overlay-type":"","overlay-color":"","overlay-opacity":"","overlay-gradient":""},"tablet":{"background-color":"var(--ast-global-color-4)","background-image":"","background-repeat":"repeat","background-position":"center center","background-size":"auto","background-attachment":"scroll","background-type":"","background-media":"","overlay-type":"","overlay-color":"","overlay-opacity":"","overlay-gradient":""},"mobile":{"background-color":"var(--ast-global-color-4)","background-image":"","background-repeat":"repeat","background-position":"center center","background-size":"auto","background-attachment":"scroll","background-type":"","background-media":"","overlay-type":"","overlay-color":"","overlay-opacity":"","overlay-gradient":""}},"footnotes":""},"class_list":["post-1322","page","type-page","status-publish","hentry"],"uagb_featured_image_src":{"full":false,"thumbnail":false,"medium":false,"medium_large":false,"large":false,"1536x1536":false,"2048x2048":false},"uagb_author_info":{"display_name":"patrice_admin","author_link":"https:\/\/dev.petitbois105.com\/index.php\/author\/patrice_admin\/"},"uagb_comment_info":0,"uagb_excerpt":"Pourquoi r\u00e9server en direct R\u00e9servez en direct sans commission interm\u00e9diaire.","_links":{"self":[{"href":"https:\/\/dev.petitbois105.com\/index.php\/wp-json\/wp\/v2\/pages\/1322","targetHints":{"allow":["GET"]}}],"collection":[{"href":"https:\/\/dev.petitbois105.com\/index.php\/wp-json\/wp\/v2\/pages"}],"about":[{"href":"https:\/\/dev.petitbois105.com\/index.php\/wp-json\/wp\/v2\/types\/page"}],"author":[{"embeddable":true,"href":"https:\/\/dev.petitbois105.com\/index.php\/wp-json\/wp\/v2\/users\/2"}],"replies":[{"embeddable":true,"href":"https:\/\/dev.petitbois105.com\/index.php\/wp-json\/wp\/v2\/comments?post=1322"}],"version-history":[{"count":0,"href":"https:\/\/dev.petitbois105.com\/index.php\/wp-json\/wp\/v2\/pages\/1322\/revisions"}],"wp:attachment":[{"href":"https:\/\/dev.petitbois105.com\/index.php\/wp-json\/wp\/v2\/media?parent=1322"}],"curies":[{"name":"wp","href":"https:\/\/api.w.org\/{rel}","templated":true}]}}