{"id":29,"date":"2026-02-19T21:09:16","date_gmt":"2026-02-19T21:09:16","guid":{"rendered":"http:\/\/dev.petitbois105.com\/?page_id=29"},"modified":"2026-02-19T21:09:16","modified_gmt":"2026-02-19T21:09:16","slug":"tarifs-disponibilites","status":"publish","type":"page","link":"https:\/\/dev.petitbois105.com\/index.php\/tarifs-disponibilites\/","title":{"rendered":"Tarifs &amp; Disponibilit\u00e9s"},"content":{"rendered":"\n\n\n<div style=\"height:38px\" aria-hidden=\"true\" class=\"wp-block-spacer\"><\/div>\n\n\n\n<p class=\"has-text-align-center has-medium-font-size\"><strong>V\u00e9rifiez les dates disponibles<\/strong><\/p>\n\n\n\n<div style=\"height:30px\" aria-hidden=\"true\" class=\"wp-block-spacer\"><\/div>\n\n\n\n<div class=\"wp-block-group is-layout-constrained wp-container-core-group-is-layout-80fb368b wp-block-group-is-layout-constrained\" style=\"padding-top:var(--wp--preset--spacing--30);padding-right:var(--wp--preset--spacing--30);padding-bottom:var(--wp--preset--spacing--30);padding-left:var(--wp--preset--spacing--30)\">\n<div id=\"smoobuApartment1203149fr\" class=\"calendarWidget\"> <div class=\"calendarContent\" data-load-calendar-url=\"https:\/\/login.smoobu.com\/fr\/cockpit\/widget\/single-calendar\/1203149\" data-verification=\"cfec6a49cb21a9f7342d36f1d3ce242590d71a0f725844ff82e9eb65b235a59d\" data-baseUrl=\"https:\/\/login.smoobu.com\" data-disable-css=\"false\" ><\/div> <script type=\"text\/javascript\" src=\"https:\/\/login.smoobu.com\/js\/Apartment\/CalendarWidget.js\"><\/script><\/div>\n<\/div>\n\n\n\n<div style=\"height:27px\" aria-hidden=\"true\" class=\"wp-block-spacer\"><\/div>\n\n\n\n\n\n<div class=\"wp-block-group tarif-bloc has-medium-font-size is-layout-constrained wp-container-core-group-is-layout-f19e5d71 wp-block-group-is-layout-constrained\" style=\"margin-top:var(--wp--preset--spacing--20);margin-bottom:var(--wp--preset--spacing--20);padding-top:25px;padding-bottom:25px\">\n<h2 class=\"wp-block-heading has-text-align-left has-medium-font-size\">Avril \u2013 Mai \u2013 Septembre \u2013 Octobre<\/h2>\n\n\n\n<p class=\"has-text-align-left has-medium-font-size\"><strong>83\u20ac \/ nuit<\/strong><\/p>\n\n\n\n<p class=\"has-text-align-left has-medium-font-size\"> Minimum 2 nuits<\/p>\n<\/div>\n\n\n\n<div class=\"wp-block-group tarif-bloc has-medium-font-size is-layout-constrained wp-container-core-group-is-layout-1924f06d wp-block-group-is-layout-constrained\" style=\"margin-top:var(--wp--preset--spacing--20);margin-bottom:var(--wp--preset--spacing--20);padding-top:25px;padding-bottom:25px\">\n<h2 class=\"wp-block-heading has-text-align-left has-medium-font-size\">Juin<\/h2>\n\n\n\n<p class=\"has-text-align-left has-medium-font-size\"><strong>85\u20ac \/ nuit<\/strong><\/p>\n\n\n\n<p class=\"has-text-align-left has-medium-font-size\">Minimum 2 nuits<\/p>\n<\/div>\n\n\n\n<div class=\"wp-block-group tarif-bloc has-medium-font-size is-layout-constrained wp-container-core-group-is-layout-1924f06d wp-block-group-is-layout-constrained\" style=\"margin-top:var(--wp--preset--spacing--20);margin-bottom:var(--wp--preset--spacing--20);padding-top:25px;padding-bottom:25px\">\n<h2 class=\"wp-block-heading has-text-align-left has-medium-font-size\">Juillet &#8211; Ao\u00fbt<\/h2>\n\n\n\n<p class=\"has-text-align-left has-medium-font-size\"><strong>88\u20ac \/ nuit<\/strong><\/p>\n\n\n\n<p class=\"has-text-align-left has-medium-font-size\">Minimum 7 nuits<\/p>\n<\/div>\n\n\n\n<div class=\"wp-block-group tarif-bloc has-medium-font-size is-layout-constrained wp-container-core-group-is-layout-953f9acc wp-block-group-is-layout-constrained\" style=\"margin-top:0;margin-bottom:0;padding-top:25px;padding-bottom:25px\">\n<h1 class=\"wp-block-heading has-text-align-left has-medium-font-size\"><strong>Informations compl\u00e9mentaires et Frais<\/strong><\/h1>\n\n\n\n<ul style=\"margin-right:0;margin-left:0;padding-top:var(--wp--preset--spacing--20);padding-right:var(--wp--preset--spacing--60);padding-bottom:var(--wp--preset--spacing--20);padding-left:var(--wp--preset--spacing--60)\" class=\"wp-block-list\">\n<li>M\u00e9nage et linge de maison : <strong>60 \u20ac par s\u00e9jour<\/strong><\/li>\n\n\n\n<li>Taxe de s\u00e9jour: environ <strong>2\u20ac<\/strong> par adulte et par nuit<\/li>\n\n\n\n<li>Animaux de compagnie : <strong>gratuits<\/strong><\/li>\n\n\n\n<li>Parking: <strong>gratuit<\/strong><\/li>\n\n\n\n<li>Paiement s\u00e9curis\u00e9<\/li>\n\n\n\n<li>Contrat de location transmis apr\u00e8s validation<\/li>\n<\/ul>\n<\/div>\n\n\n\n<p><\/p>\n\n\n\n<div style=\"height:30px\" aria-hidden=\"true\" class=\"wp-block-spacer\"><\/div>\n\n\n\n<p class=\"has-text-align-center has-medium-font-size\"><strong>Estimez le co\u00fbt de votre s\u00e9jour<\/strong><\/p>\n\n\n\n\n\n<div style=\"height:20px\" aria-hidden=\"true\" class=\"wp-block-spacer\"><\/div>\n\n\n\n<p class=\"has-text-align-center has-medium-font-size\">Renseignez vos dates et le nombre de personnes pour obtenir une estimation du prix de votre s\u00e9jour.<\/p>\n\n\n\n<p class=\"has-text-align-center\">Pour toute demande particuli\u00e8re,  n&rsquo;h\u00e9sitez pas \u00e0 nous contacter directement<\/p>\n\n\n\n<div style=\"height:21px\" aria-hidden=\"true\" class=\"wp-block-spacer\"><\/div>\n\n\n\n<div class=\"wp-block-group has-background is-layout-constrained wp-container-core-group-is-layout-e61fa370 wp-block-group-is-layout-constrained\" style=\"background-color:#f3f3f3;margin-top:0;margin-bottom:0;padding-top:6px;padding-right:15px;padding-bottom:6px;padding-left:15px\"><p>[forminator_form id=\u00a0\u00bb2930&Prime;]<\/p>\n<\/div>\n\n\n\n\n","protected":false},"excerpt":{"rendered":"<p>V\u00e9rifiez les dates disponibles Avril \u2013 Mai \u2013 Septembre \u2013 Octobre 83\u20ac \/ nuit Minimum 2 nuits Juin 85\u20ac \/ [&hellip;]<\/p>\n","protected":false},"author":2,"featured_media":0,"parent":0,"menu_order":0,"comment_status":"closed","ping_status":"closed","template":"","meta":{"_uag_custom_page_level_css":"","site-sidebar-layout":"default","site-content-layout":"","ast-site-content-layout":"default","site-content-style":"default","site-sidebar-style":"default","ast-global-header-display":"","ast-banner-title-visibility":"","ast-main-header-display":"","ast-hfb-above-header-display":"","ast-hfb-below-header-display":"","ast-hfb-mobile-header-display":"","site-post-title":"","ast-breadcrumbs-content":"","ast-featured-img":"","footer-sml-layout":"","ast-disable-related-posts":"","theme-transparent-header-meta":"","adv-header-id-meta":"","stick-header-meta":"","header-above-stick-meta":"","header-main-stick-meta":"","header-below-stick-meta":"","astra-migrate-meta-layouts":"set","ast-page-background-enabled":"default","ast-page-background-meta":{"desktop":{"background-color":"var(--ast-global-color-4)","background-image":"","background-repeat":"repeat","background-position":"center center","background-size":"auto","background-attachment":"scroll","background-type":"","background-media":"","overlay-type":"","overlay-color":"","overlay-opacity":"","overlay-gradient":""},"tablet":{"background-color":"","background-image":"","background-repeat":"repeat","background-position":"center center","background-size":"auto","background-attachment":"scroll","background-type":"","background-media":"","overlay-type":"","overlay-color":"","overlay-opacity":"","overlay-gradient":""},"mobile":{"background-color":"","background-image":"","background-repeat":"repeat","background-position":"center center","background-size":"auto","background-attachment":"scroll","background-type":"","background-media":"","overlay-type":"","overlay-color":"","overlay-opacity":"","overlay-gradient":""}},"ast-content-background-meta":{"desktop":{"background-color":"var(--ast-global-color-5)","background-image":"","background-repeat":"repeat","background-position":"center center","background-size":"auto","background-attachment":"scroll","background-type":"","background-media":"","overlay-type":"","overlay-color":"","overlay-opacity":"","overlay-gradient":""},"tablet":{"background-color":"var(--ast-global-color-5)","background-image":"","background-repeat":"repeat","background-position":"center center","background-size":"auto","background-attachment":"scroll","background-type":"","background-media":"","overlay-type":"","overlay-color":"","overlay-opacity":"","overlay-gradient":""},"mobile":{"background-color":"var(--ast-global-color-5)","background-image":"","background-repeat":"repeat","background-position":"center center","background-size":"auto","background-attachment":"scroll","background-type":"","background-media":"","overlay-type":"","overlay-color":"","overlay-opacity":"","overlay-gradient":""}},"footnotes":""},"class_list":["post-29","page","type-page","status-publish","hentry"],"uagb_featured_image_src":{"full":false,"thumbnail":false,"medium":false,"medium_large":false,"large":false,"1536x1536":false,"2048x2048":false},"uagb_author_info":{"display_name":"patrice_admin","author_link":"https:\/\/dev.petitbois105.com\/index.php\/author\/patrice_admin\/"},"uagb_comment_info":0,"uagb_excerpt":"V\u00e9rifiez les dates disponibles Avril \u2013 Mai \u2013 Septembre \u2013 Octobre 83\u20ac \/ nuit Minimum 2 nuits Juin 85\u20ac \/ [&hellip;]","_links":{"self":[{"href":"https:\/\/dev.petitbois105.com\/index.php\/wp-json\/wp\/v2\/pages\/29","targetHints":{"allow":["GET"]}}],"collection":[{"href":"https:\/\/dev.petitbois105.com\/index.php\/wp-json\/wp\/v2\/pages"}],"about":[{"href":"https:\/\/dev.petitbois105.com\/index.php\/wp-json\/wp\/v2\/types\/page"}],"author":[{"embeddable":true,"href":"https:\/\/dev.petitbois105.com\/index.php\/wp-json\/wp\/v2\/users\/2"}],"replies":[{"embeddable":true,"href":"https:\/\/dev.petitbois105.com\/index.php\/wp-json\/wp\/v2\/comments?post=29"}],"version-history":[{"count":0,"href":"https:\/\/dev.petitbois105.com\/index.php\/wp-json\/wp\/v2\/pages\/29\/revisions"}],"wp:attachment":[{"href":"https:\/\/dev.petitbois105.com\/index.php\/wp-json\/wp\/v2\/media?parent=29"}],"curies":[{"name":"wp","href":"https:\/\/api.w.org\/{rel}","templated":true}]}}